{"id":79,"date":"2025-06-12T14:47:57","date_gmt":"2025-06-12T12:47:57","guid":{"rendered":"https:\/\/reffy-app.de\/site\/?page_id=79"},"modified":"2025-06-12T14:53:14","modified_gmt":"2025-06-12T12:53:14","slug":"agb","status":"publish","type":"page","link":"https:\/\/reffy-app.de\/site\/agb\/","title":{"rendered":"AGB"},"content":{"rendered":"<p>[et_pb_section fb_built=&#8220;1&#8243; admin_label=&#8220;Header&#8220; _builder_version=&#8220;4.27.4&#8243; background_enable_color=&#8220;off&#8220; use_background_color_gradient=&#8220;on&#8220; background_color_gradient_type=&#8220;circular&#8220; background_color_gradient_direction_radial=&#8220;top right&#8220; background_color_gradient_stops=&#8220;#edf000 0%|rgba(0,13,66,0.92) 68%&#8220; background_color_gradient_start=&#8220;#00ffd8&#8243; background_color_gradient_end=&#8220;#0029e2&#8243; background_enable_image=&#8220;off&#8220; parallax=&#8220;on&#8220; background_enable_pattern_style=&#8220;on&#8220; background_pattern_style=&#8220;diagonal-stripes&#8220; background_pattern_size=&#8220;custom&#8220; background_pattern_width=&#8220;16px&#8220; background_pattern_horizontal_offset=&#8220;0%&#8220; min_height=&#8220;100vh&#8220; custom_padding=&#8220;10vw||&#8220; bottom_divider_height=&#8220;256px&#8220; bottom_divider_flip=&#8220;horizontal&#8220; hover_enabled=&#8220;0&#8243; global_colors_info=&#8220;{}&#8220; sticky_enabled=&#8220;0&#8243;][et_pb_row _builder_version=&#8220;4.27.4&#8243; _module_preset=&#8220;default&#8220; global_colors_info=&#8220;{}&#8220;][et_pb_column type=&#8220;4_4&#8243; _builder_version=&#8220;4.27.4&#8243; _module_preset=&#8220;default&#8220; global_colors_info=&#8220;{}&#8220;][et_pb_blurb title=&#8220;Allgemeine Gesch\u00e4ftsbedingungen (AGB)&#8220; use_icon=&#8220;on&#8220; _builder_version=&#8220;4.27.4&#8243; _module_preset=&#8220;default&#8220; header_font_size=&#8220;37px&#8220; background_layout=&#8220;dark&#8220; hover_enabled=&#8220;0&#8243; global_colors_info=&#8220;{}&#8220; sticky_enabled=&#8220;0&#8243;]<\/p>\n<p>Stand: 12.06.2025<\/p>\n<p>1. Vertragspartner<br \/>Vertragspartner sind die Dtale GmbH, vertreten durch den Gesch\u00e4ftsf\u00fchrer, im Folgenden \u201eAnbieter\u201c genannt, und der jeweilige Verein, im Folgenden \u201eKunde\u201c genannt.<\/p>\n<p>2. Vertragsgegenstand<br \/>Der Anbieter stellt dem Kunden die Softwarel\u00f6sung \u201eReffy\u201c zur Verf\u00fcgung, mit der Schiedsrichterabrechnungen vereinfacht und automatisiert erstellt werden k\u00f6nnen. Die Software wird auf einem bereitgestellten Tablet installiert und vom Anbieter vorkonfiguriert.<\/p>\n<p>3. Vertragsbeginn und Laufzeit<br \/>Der Vertrag beginnt mit der Freischaltung der App auf dem vom Anbieter gelieferten Tablet. Die Mindestvertragslaufzeit betr\u00e4gt 12 Monate. Der Vertrag verl\u00e4ngert sich jeweils um ein weiteres Jahr, sofern nicht mit einer Frist von einem Monat zum Vertragsende schriftlich gek\u00fcndigt wird.<\/p>\n<p>4. Preise und Zahlungsbedingungen<br \/>Die Nutzung der App \u201eReffy\u201c kostet 20\u202f\u20ac netto pro Monat (zzgl. USt.), abgerechnet im Voraus f\u00fcr 12 Monate. Zus\u00e4tzlich muss der Kunde ein vorkonfiguriertes Tablet zum Festpreis erwerben. Die genauen Preise sind dem jeweils aktuellen Angebot zu entnehmen.<\/p>\n<p>5. Lieferung und Eigentumsvorbehalt<br \/>Das Tablet bleibt bis zur vollst\u00e4ndigen Bezahlung Eigentum der Dtale GmbH. Die Lieferung erfolgt nach Zahlungseingang.<\/p>\n<p>6. Rechte und Pflichten des Kunden<br \/>Der Kunde verpflichtet sich, die Zugangsdaten zur App vertraulich zu behandeln und keine unbefugten Dritten zuzulassen. Die App darf nur im Rahmen der vereinbarten Nutzung verwendet werden.<\/p>\n<p>7. Haftung<br \/>Die Haftung des Anbieters ist auf Vorsatz und grobe Fahrl\u00e4ssigkeit beschr\u00e4nkt. F\u00fcr Datenverluste haftet der Anbieter nur, wenn der Kunde nachweislich regelm\u00e4\u00dfige Datensicherungen durchgef\u00fchrt hat.<\/p>\n<p>8. Verf\u00fcgbarkeit<br \/>Der Anbieter bem\u00fcht sich um eine hohe Verf\u00fcgbarkeit der App, garantiert jedoch keine durchgehende Erreichbarkeit. Wartungsarbeiten werden m\u00f6glichst au\u00dferhalb der Hauptnutzungszeiten durchgef\u00fchrt.<\/p>\n<p>9. Datenschutz<br \/>Die Verarbeitung personenbezogener Daten erfolgt gem\u00e4\u00df der separaten Datenschutzerkl\u00e4rung sowie einem ggf. abgeschlossenen Auftragsverarbeitungsvertrag (AVV).<\/p>\n<p>10. Schlussbestimmungen<br \/>Es gilt deutsches Recht. Gerichtsstand ist der Sitz der Dtale GmbH. Sollte eine Bestimmung dieser AGB unwirksam sein, bleibt der Vertrag im \u00dcbrigen wirksam.<\/p>\n<p>[\/et_pb_blurb][\/et_pb_column][\/et_pb_row][\/et_pb_section]<\/p>\n","protected":false},"excerpt":{"rendered":"<p>Stand: 12.06.2025 1. VertragspartnerVertragspartner sind die Dtale GmbH, vertreten durch den Gesch\u00e4ftsf\u00fchrer, im Folgenden \u201eAnbieter\u201c genannt, und der jeweilige Verein, im Folgenden \u201eKunde\u201c genannt. 2. VertragsgegenstandDer Anbieter stellt dem Kunden die Softwarel\u00f6sung \u201eReffy\u201c zur Verf\u00fcgung, mit der Schiedsrichterabrechnungen vereinfacht und automatisiert erstellt werden k\u00f6nnen. Die Software wird auf einem bereitgestellten Tablet installiert und vom Anbieter [&hellip;]<\/p>\n","protected":false},"author":1,"featured_media":0,"parent":0,"menu_order":0,"comment_status":"closed","ping_status":"closed","template":"","meta":{"_et_pb_use_builder":"on","_et_pb_old_content":"<!-- wp:paragraph -->\n<p>This is an example page. It's different from a blog post because it will stay in one place and will show up in your site navigation (in most themes). Most people start with an About page that introduces them to potential site visitors. It might say something like this:<\/p>\n<!-- \/wp:paragraph -->\n\n<!-- wp:quote -->\n<blockquote class=\"wp-block-quote\"><p>Hi there! I'm a bike messenger by day, aspiring actor by night, and this is my website. I live in Los Angeles, have a great dog named Jack, and I like pi&#241;a coladas. (And gettin' caught in the rain.)<\/p><\/blockquote>\n<!-- \/wp:quote -->\n\n<!-- wp:paragraph -->\n<p>...or something like this:<\/p>\n<!-- \/wp:paragraph -->\n\n<!-- wp:quote -->\n<blockquote class=\"wp-block-quote\"><p>The XYZ Doohickey Company was founded in 1971, and has been providing quality doohickeys to the public ever since. Located in Gotham City, XYZ employs over 2,000 people and does all kinds of awesome things for the Gotham community.<\/p><\/blockquote>\n<!-- \/wp:quote -->\n\n<!-- wp:paragraph -->\n<p>As a new WordPress user, you should go to <a href=\"https:\/\/reffy-app.de\/site\/wp-admin\/\">your dashboard<\/a> to delete this page and create new pages for your content. Have fun!<\/p>\n<!-- \/wp:paragraph -->","_et_gb_content_width":"","footnotes":""},"class_list":["post-79","page","type-page","status-publish","hentry"],"_links":{"self":[{"href":"https:\/\/reffy-app.de\/site\/wp-json\/wp\/v2\/pages\/79","targetHints":{"allow":["GET"]}}],"collection":[{"href":"https:\/\/reffy-app.de\/site\/wp-json\/wp\/v2\/pages"}],"about":[{"href":"https:\/\/reffy-app.de\/site\/wp-json\/wp\/v2\/types\/page"}],"author":[{"embeddable":true,"href":"https:\/\/reffy-app.de\/site\/wp-json\/wp\/v2\/users\/1"}],"replies":[{"embeddable":true,"href":"https:\/\/reffy-app.de\/site\/wp-json\/wp\/v2\/comments?post=79"}],"version-history":[{"count":3,"href":"https:\/\/reffy-app.de\/site\/wp-json\/wp\/v2\/pages\/79\/revisions"}],"predecessor-version":[{"id":82,"href":"https:\/\/reffy-app.de\/site\/wp-json\/wp\/v2\/pages\/79\/revisions\/82"}],"wp:attachment":[{"href":"https:\/\/reffy-app.de\/site\/wp-json\/wp\/v2\/media?parent=79"}],"curies":[{"name":"wp","href":"https:\/\/api.w.org\/{rel}","templated":true}]}}